{"id":4999,"date":"2023-12-12T09:14:38","date_gmt":"2023-12-12T09:14:38","guid":{"rendered":"http:\/\/kralka.pl\/wp1\/?page_id=4999"},"modified":"2024-02-12T22:27:49","modified_gmt":"2024-02-12T22:27:49","slug":"ludzie-show-bandow","status":"publish","type":"page","link":"https:\/\/kralka.pl\/wp1\/ludzie-show-bandow\/","title":{"rendered":"Ludzie show band\u00f3w"},"content":{"rendered":"<p><img decoding=\"async\" src=\"http:\/\/kralka.pl\/wp1\/wp-content\/uploads\/2023\/12\/Meridian-People08.jpeg\" alt=\"\" width=\"100%\" height=\"100%\" \/><\/p>\n<p>Nelson Sardelli, urodzony 30 wrze\u015bnia 1934r. w Brazylii piosenkarz i komik w\u0142oskiego pochodzenia. By\u0142 artyst\u0105 w Las Vegas i Atlantic City. W dniu 28 czerwca 2008 roku otrzyma\u0142 nagrod\u0119 Golden Pillow Award od International Entertainer School of Las Vegas. Zagra\u0142 tak\u017ce w filmach, w tym Myra Breckinridge i Zawodowcy. Prowadzi\u0142 fundacj\u0119 dla dzieci niepe\u0142nosprawnych umys\u0142owo \u201eStarshine\u201d. Od 20 wrze\u015bnia 2019 roku mieszka w Las Vegas.<\/p>\n<p><img decoding=\"async\" src=\"http:\/\/kralka.pl\/wp1\/wp-content\/uploads\/2023\/12\/MERIDIANSHOWROOM03.jpeg\" alt=\"\" width=\"100%\" height=\"100%\" \/><\/p>\n<p>Peter Gordeno \u2013 aktor, tancerz, piosenkarz i choreograf oraz niezapomniany kapitan Peter Carlin z kultowego serialu &#8222;UFO&#8221;, zmar\u0142 18 pa\u017adziernika 2008 roku.<br \/>\nUrodzony w 1939 roku jako Peter Gordenho w Rangunie, Birmie, sp\u0119dzi\u0142 swoje wczesne lata w Kalkucie, gdzie wychowywa\u0142a go szkocko-birma\u0144ska matka po \u015bmierci ojca, w\u0142osko-ameryka\u0144skiego \u017co\u0142nierza poleg\u0142ego w czasie wojny. W Indiach odkry\u0142 swoj\u0105 niezwyk\u0142\u0105 zdolno\u015b\u0107 do ta\u0144ca, wyst\u0119puj\u0105c profesjonalnie, mimo braku formalnego wykszta\u0142cenia. Chc\u0105c rozwija\u0107 swoj\u0105 karier\u0119, przeni\u00f3s\u0142 si\u0119 do Anglii, podj\u0105\u0142 r\u00f3\u017cnorodne prace, aby zwi\u0105za\u0107 koniec z ko\u0144cem, a po zdobyciu swojej pierwszej roli na londy\u0144skiej scenie postanowi\u0142 przyj\u0105\u0107 pseudonim zawodowy Peter Gordeno. Jego kariera nabra\u0142a tempa, gdy zacz\u0105\u0142 pracowa\u0107 przy londy\u0144skiej produkcji &#8222;West Side Story&#8221;. Pocz\u0105tkowo by\u0142 tancerzem, a p\u00f3\u017aniej zagra\u0142 rol\u0119 Bernardo. Nast\u0119pnie przysz\u0142y kolejne udane role teatralne i taneczne. Zach\u0119cony przez producenta telewizyjnego Ernesta Maxima, Gordeno rozszerzy\u0142 tak\u017ce swoje umiej\u0119tno\u015bci wokalne, a jednym z jego nagranych utwor\u00f3w by\u0142 singiel &#8222;You&#8217;re Follow Me&#8221; z 1961 roku, nagrany z towarzyszeniem John Barry Orchestra.<br \/>\nW 1964 roku sta\u0142 si\u0119 regularnym uczestnikiem programu &#8222;The Kathy Kirby Show&#8221;, gdzie nie tylko ta\u0144czy\u0142, ale r\u00f3wnie\u017c tworzy\u0142 choreografi\u0119 dla zespo\u0142u tanecznego i prezentowa\u0142 swoje wokalne umiej\u0119tno\u015bci. To otworzy\u0142o mu drzwi do dalszej kariery telewizyjnej, zar\u00f3wno w Wielkiej Brytanii, jak i Europie. Dodatkowo zagra\u0142 niewielkie role w kilku brytyjskich filmach.<br \/>\nPo opuszczeniu obsady serialu &#8222;UFO&#8221;, powr\u00f3ci\u0142 do swoich korzeni, anga\u017cuj\u0105c si\u0119 w ta\u0144ce, \u015bpiew i choreografi\u0119, prezentuj\u0105c swoje umiej\u0119tno\u015bci na scenach na ca\u0142ym \u015bwiecie, w tym przez trzy sezony w Las Vegas. W 1988 roku powr\u00f3ci\u0142 przed kamery, zagra\u0142 w niskobud\u017cetowym horrorze science fiction &#8222;Urge To Kill&#8221; w re\u017cyserii Dereka Forda, kt\u00f3ry by\u0142 kr\u0119cony w jego w\u0142asnym domu. Mimo znacznego rozg\u0142osu, g\u0142\u00f3wnie dzi\u0119ki udzia\u0142owi w obsadzie popularnych modeli glamour, film nie zdoby\u0142 powszechnej premiery i pozosta\u0142 trudno dost\u0119pny dla widz\u00f3w.<br \/>\nW 1992 roku pojawi\u0142 si\u0119 w epizodycznej roli w filmie &#8222;Carry On Revival Carry On Columbus&#8221;, do kt\u00f3rego r\u00f3wnie\u017c przygotowa\u0142 choreografi\u0119. Niestety, jego karier\u0119 przerwa\u0142a diagnoza raka. Pomimo trudno\u015bci zwi\u0105zanych z chorob\u0105, Gordeno pracowa\u0142 nad musicalem opartym na swoim \u017cyciu, zatytu\u0142owanym &#8222;Mayanmar&#8221;, przemianowanym p\u00f3\u017aniej na &#8222;The Golden Land&#8221;, kt\u00f3ry zosta\u0142 zaprezentowany w 2000 roku.<\/p>\n<p><img decoding=\"async\" src=\"http:\/\/kralka.pl\/wp1\/wp-content\/uploads\/2023\/12\/Meridian-People01.jpeg\" alt=\"\" width=\"100%\" height=\"100%\" \/><\/p>\n<p>W Hamilton na Bermudzie spotyka\u0142y si\u0119 trzy statki z polskimi bandami. Na zdj\u0119ciu plejada polskich muzyk\u00f3w jazzowych.<\/p>\n<p><img decoding=\"async\" src=\"http:\/\/kralka.pl\/wp1\/wp-content\/uploads\/2023\/12\/Meridian-People18.jpeg\" alt=\"\" width=\"100%\" height=\"100%\" \/><\/p>\n<p>Z Adamem Czerwi\u0144skim, kt\u00f3remu zazdro\u015bcili\u015bmy rejs\u00f3w w g\u00f3r\u0119 Amazonki.<\/p>\n<p><img decoding=\"async\" src=\"http:\/\/kralka.pl\/wp1\/wp-content\/uploads\/2023\/12\/Meridian-People02.jpeg\" alt=\"\" width=\"100%\" height=\"100%\" \/><\/p>\n<p>Z Emilem Kowalskim w Hamilton.<\/p>\n<p><img decoding=\"async\" src=\"http:\/\/kralka.pl\/wp1\/wp-content\/uploads\/2023\/12\/Meridian-People11.jpeg\" alt=\"\" width=\"100%\" height=\"100%\" \/><\/p>\n<p><img decoding=\"async\" src=\"http:\/\/kralka.pl\/wp1\/wp-content\/uploads\/2023\/12\/Meridian-People19.jpeg\" alt=\"\" width=\"100%\" height=\"100%\" \/><\/p>\n<p>Z sympatyczn\u0105 Filipink\u0105 Analiz\u0105.<\/p>\n<p><img decoding=\"async\" src=\"http:\/\/kralka.pl\/wp1\/wp-content\/uploads\/2023\/12\/REGENTSEA06.jpeg\" alt=\"\" width=\"100%\" height=\"100%\" \/><br \/>\n<img decoding=\"async\" src=\"http:\/\/kralka.pl\/wp1\/wp-content\/uploads\/2023\/12\/cztery-20.jpeg\" alt=\"\" width=\"100%\" height=\"100%\" \/><br \/>\nMi\u0119dzynorodowe towarzystwo: Polska, Usa, Kanada, Wielka Brytania, Izrael. Cz\u0142onkowie staffu Regent Sea.<\/p>\n","protected":false},"excerpt":{"rendered":"<p>Nelson Sardelli, urodzony 30 wrze\u015bnia 1934r. w Brazylii piosenkarz i komik w\u0142oskiego pochodzenia. By\u0142 artyst\u0105 w Las Vegas i Atlantic<\/p>\n","protected":false},"author":1,"featured_media":0,"parent":0,"menu_order":0,"comment_status":"closed","ping_status":"closed","template":"","meta":{"footnotes":""},"class_list":["post-4999","page","type-page","status-publish","hentry","comments-off"],"_links":{"self":[{"href":"https:\/\/kralka.pl\/wp1\/wp-json\/wp\/v2\/pages\/4999","targetHints":{"allow":["GET"]}}],"collection":[{"href":"https:\/\/kralka.pl\/wp1\/wp-json\/wp\/v2\/pages"}],"about":[{"href":"https:\/\/kralka.pl\/wp1\/wp-json\/wp\/v2\/types\/page"}],"author":[{"embeddable":true,"href":"https:\/\/kralka.pl\/wp1\/wp-json\/wp\/v2\/users\/1"}],"replies":[{"embeddable":true,"href":"https:\/\/kralka.pl\/wp1\/wp-json\/wp\/v2\/comments?post=4999"}],"version-history":[{"count":14,"href":"https:\/\/kralka.pl\/wp1\/wp-json\/wp\/v2\/pages\/4999\/revisions"}],"predecessor-version":[{"id":5799,"href":"https:\/\/kralka.pl\/wp1\/wp-json\/wp\/v2\/pages\/4999\/revisions\/5799"}],"wp:attachment":[{"href":"https:\/\/kralka.pl\/wp1\/wp-json\/wp\/v2\/media?parent=4999"}],"curies":[{"name":"wp","href":"https:\/\/api.w.org\/{rel}","templated":true}]}}