{"id":4751,"date":"2023-12-09T19:20:02","date_gmt":"2023-12-09T19:20:02","guid":{"rendered":"http:\/\/kralka.pl\/wp1\/?page_id=4751"},"modified":"2024-04-19T09:21:41","modified_gmt":"2024-04-19T09:21:41","slug":"big-warsaw-band","status":"publish","type":"page","link":"https:\/\/kralka.pl\/wp1\/big-warsaw-band\/","title":{"rendered":"Big Warsaw Band"},"content":{"rendered":"<table style=\"border-collapse: collapse; width: 100%;\">\n<tbody>\n<tr>\n<td style=\"width: 50%;\"><img decoding=\"async\" src=\"http:\/\/kralka.pl\/wp1\/wp-content\/uploads\/2023\/12\/3x13.jpg\" alt=\"Stanis\u0142aw Fia\u0142kowski\" width=\"100%\" height=\"100%\" \/><\/td>\n<td style=\"width: 50%;\"><img decoding=\"async\" src=\"http:\/\/kralka.pl\/wp1\/wp-content\/uploads\/2023\/12\/2x13.jpg\" alt=\"Stanis\u0142aw Fia\u0142kowski\" width=\"100%\" height=\"100%\" \/><\/td>\n<\/tr>\n<\/tbody>\n<\/table>\n<p>Stanis\u0142aw Fia\u0142kowski, za\u0142o\u017cyciel i wieloletni dyrektor orkiestry Big Warsaw Band. Dzi\u0119ki jego uprzejmo\u015bci, przez kilkana\u015bcie lat uczestniczy\u0142em w wielu <a href=\"https:\/\/kralka.pl\/wp1\/big-warsaw-band-koncerty\/\">wa\u017cnych projektach muzycznych<\/a>. Wielkie za to Staszku podzi\u0119kowania.<br \/>\nOto kilka zdj\u0119\u0107 z historii zespo\u0142u.<br \/>\n<img decoding=\"async\" src=\"http:\/\/kralka.pl\/wp1\/wp-content\/uploads\/2023\/12\/KMG04108b.jpg\" alt=\"Stanis\u0142aw Fia\u0142kowski\" width=\"100%\" height=\"100%\" \/><br \/>\n<img decoding=\"async\" src=\"http:\/\/kralka.pl\/wp1\/wp-content\/uploads\/2023\/12\/bwb_ewa_2.jpg\" alt=\"Stanis\u0142aw Fia\u0142kowski\" width=\"100%\" height=\"100%\" \/><br \/>\n<img decoding=\"async\" src=\"http:\/\/kralka.pl\/wp1\/wp-content\/uploads\/2023\/12\/skan017.jpg\" alt=\"Stanis\u0142aw Fia\u0142kowski\" width=\"100%\" height=\"100%\" \/><\/p>\n<p><img decoding=\"async\" src=\"http:\/\/kralka.pl\/wp1\/wp-content\/uploads\/2023\/12\/skan018.jpg\" alt=\"Stanis\u0142aw Fia\u0142kowski\" width=\"100%\" height=\"100%\" \/><\/p>\n<p><img decoding=\"async\" src=\"http:\/\/kralka.pl\/wp1\/wp-content\/uploads\/2023\/12\/Warstwa-2eb.jpg\" alt=\"Stanis\u0142aw Fia\u0142kowski\" width=\"100%\" height=\"100%\" \/><\/p>\n<p><img decoding=\"async\" src=\"http:\/\/kralka.pl\/wp1\/wp-content\/uploads\/2023\/12\/KMG04293c.jpeg\" alt=\"Stanis\u0142aw Fia\u0142kowski\" width=\"100%\" height=\"100%\" \/><\/p>\n<p>Big Warsaw Band na Krajowym Festiwalu Piosenki w Opolu.<\/p>\n<p><figure class=\"wp-block-embed wp-block-embed-youtube is-type-video is-provider-youtube epyt-figure\"><div class=\"wp-block-embed__wrapper\"><div class=\"epyt-video-wrapper\"><iframe loading=\"lazy\"  id=\"_ytid_59473\"  width=\"850\" height=\"450\"  data-origwidth=\"850\" data-origheight=\"450\" src=\"https:\/\/www.youtube.com\/embed\/KxyJCerkKIs?enablejsapi=1&autoplay=0&cc_load_policy=0&cc_lang_pref=&iv_load_policy=1&loop=1&playlist=KxyJCerkKIs&rel=1&fs=1&playsinline=0&autohide=2&theme=dark&color=red&controls=1&disablekb=0&\" class=\"__youtube_prefs__  no-lazyload\" title=\"YouTube player\"  allow=\"fullscreen; accelerometer; autoplay; clipboard-write; encrypted-media; gyroscope; picture-in-picture; web-share\" referrerpolicy=\"strict-origin-when-cross-origin\" allowfullscreen data-no-lazy=\"1\" data-skipgform_ajax_framebjll=\"\"><\/iframe><\/div><\/div><\/figure><br \/>\n<figure class=\"wp-block-embed wp-block-embed-youtube is-type-video is-provider-youtube epyt-figure\"><div class=\"wp-block-embed__wrapper\"><div class=\"epyt-video-wrapper\"><iframe loading=\"lazy\"  id=\"_ytid_64108\"  width=\"850\" height=\"450\"  data-origwidth=\"850\" data-origheight=\"450\" src=\"https:\/\/www.youtube.com\/embed\/NUMY7wNOpHE?enablejsapi=1&autoplay=0&cc_load_policy=0&cc_lang_pref=&iv_load_policy=1&loop=1&playlist=NUMY7wNOpHE&rel=1&fs=1&playsinline=0&autohide=2&theme=dark&color=red&controls=1&disablekb=0&\" class=\"__youtube_prefs__  no-lazyload\" title=\"YouTube player\"  allow=\"fullscreen; accelerometer; autoplay; clipboard-write; encrypted-media; gyroscope; picture-in-picture; web-share\" referrerpolicy=\"strict-origin-when-cross-origin\" allowfullscreen data-no-lazy=\"1\" data-skipgform_ajax_framebjll=\"\"><\/iframe><\/div><\/div><\/figure><br \/>\n<figure class=\"wp-block-embed wp-block-embed-youtube is-type-video is-provider-youtube epyt-figure\"><div class=\"wp-block-embed__wrapper\"><div class=\"epyt-video-wrapper\"><iframe loading=\"lazy\"  id=\"_ytid_14672\"  width=\"850\" height=\"450\"  data-origwidth=\"850\" data-origheight=\"450\" src=\"https:\/\/www.youtube.com\/embed\/In04XdUSP7k?enablejsapi=1&list=PLY5PpR08HE8ku9mqcMVo-SaC7NGzvZp_0&autoplay=0&cc_load_policy=0&cc_lang_pref=&iv_load_policy=1&loop=1&rel=1&fs=1&playsinline=0&autohide=2&theme=dark&color=red&controls=1&disablekb=0&\" class=\"__youtube_prefs__  no-lazyload\" title=\"YouTube player\"  allow=\"fullscreen; accelerometer; autoplay; clipboard-write; encrypted-media; gyroscope; picture-in-picture; web-share\" referrerpolicy=\"strict-origin-when-cross-origin\" allowfullscreen data-no-lazy=\"1\" data-skipgform_ajax_framebjll=\"\"><\/iframe><\/div><\/div><\/figure><\/p>\n<p>Big Warsaw Band podczas Wybor\u00f3w Miss Polonia.<\/p>\n<figure class=\"wp-block-embed wp-block-embed-youtube is-type-video is-provider-youtube epyt-figure\"><div class=\"wp-block-embed__wrapper\"><div class=\"epyt-video-wrapper\"><iframe loading=\"lazy\"  id=\"_ytid_60554\"  width=\"850\" height=\"450\"  data-origwidth=\"850\" data-origheight=\"450\" src=\"https:\/\/www.youtube.com\/embed\/-abWHM58cb4?enablejsapi=1&autoplay=0&cc_load_policy=0&cc_lang_pref=&iv_load_policy=1&loop=1&playlist=-abWHM58cb4&rel=1&fs=1&playsinline=0&autohide=2&theme=dark&color=red&controls=1&disablekb=0&\" class=\"__youtube_prefs__  no-lazyload\" title=\"YouTube player\"  allow=\"fullscreen; accelerometer; autoplay; clipboard-write; encrypted-media; gyroscope; picture-in-picture; web-share\" referrerpolicy=\"strict-origin-when-cross-origin\" allowfullscreen data-no-lazy=\"1\" data-skipgform_ajax_framebjll=\"\"><\/iframe><\/div><\/div><\/figure>\n","protected":false},"excerpt":{"rendered":"<p>Stanis\u0142aw Fia\u0142kowski, za\u0142o\u017cyciel i wieloletni dyrektor orkiestry Big Warsaw Band. Dzi\u0119ki jego uprzejmo\u015bci, przez kilkana\u015bcie lat uczestniczy\u0142em w wielu wa\u017cnych<\/p>\n","protected":false},"author":1,"featured_media":0,"parent":0,"menu_order":0,"comment_status":"closed","ping_status":"closed","template":"","meta":{"footnotes":""},"class_list":["post-4751","page","type-page","status-publish","hentry","comments-off"],"_links":{"self":[{"href":"https:\/\/kralka.pl\/wp1\/wp-json\/wp\/v2\/pages\/4751","targetHints":{"allow":["GET"]}}],"collection":[{"href":"https:\/\/kralka.pl\/wp1\/wp-json\/wp\/v2\/pages"}],"about":[{"href":"https:\/\/kralka.pl\/wp1\/wp-json\/wp\/v2\/types\/page"}],"author":[{"embeddable":true,"href":"https:\/\/kralka.pl\/wp1\/wp-json\/wp\/v2\/users\/1"}],"replies":[{"embeddable":true,"href":"https:\/\/kralka.pl\/wp1\/wp-json\/wp\/v2\/comments?post=4751"}],"version-history":[{"count":22,"href":"https:\/\/kralka.pl\/wp1\/wp-json\/wp\/v2\/pages\/4751\/revisions"}],"predecessor-version":[{"id":5996,"href":"https:\/\/kralka.pl\/wp1\/wp-json\/wp\/v2\/pages\/4751\/revisions\/5996"}],"wp:attachment":[{"href":"https:\/\/kralka.pl\/wp1\/wp-json\/wp\/v2\/media?parent=4751"}],"curies":[{"name":"wp","href":"https:\/\/api.w.org\/{rel}","templated":true}]}}