{"id":4525,"date":"2023-09-05T11:00:14","date_gmt":"2023-09-05T11:00:14","guid":{"rendered":"http:\/\/kralka.pl\/wp1\/?page_id=4525"},"modified":"2023-09-05T11:02:24","modified_gmt":"2023-09-05T11:02:24","slug":"wspolpraca-kulturalna-z-niemcami","status":"publish","type":"page","link":"https:\/\/kralka.pl\/wp1\/wspolpraca-kulturalna-z-niemcami\/","title":{"rendered":"Wsp\u00f3\u0142praca kulturalna z Niemcami"},"content":{"rendered":"<p>Moja wsp\u00f3\u0142praca kulturalna z Niemcami rozpocz\u0119\u0142a si\u0119 jeszcze podczas studi\u00f3w na Uniwersytecie \u0141\u00f3dzkim, kiedy to jako uczestnik Ch\u00f3ru Akademickiego Uniwersytetu \u0141\u00f3dzkiego mia\u0142em okazj\u0119 koncertowa\u0107 (w latach 1983 &#8211; 1984) w kilku o\u015brodkach kulturalnych Niemiec. Repertuar tych wyst\u0119p\u00f3w sk\u0142ada\u0142 si\u0119 z pie\u015bni ch\u00f3ralnych a capella.<\/p>\n<p>W czerwcu i lipcu 1988r. mia\u0142em okazj\u0119 wsp\u00f3\u0142organizowa\u0107 i go\u015bci\u0107 grupy jazzowe z Niemiec w ramach &#8222;P\u0142ockich Spotka\u0144 Przyja\u017ani&#8221;, imprezy otoczonej patronatem UNESCO.<\/p>\n<p>Wielokrotnie uczestniczy\u0142em w programie wymiany kulturalnej miast partnerskich. W czerwcu 1989 roku grupa jazzowa Loft, jako jedna z pierwszych grup muzycznych miasta, pojecha\u0142a reprezentowa\u0107 p\u0142ock\u0105 kultur\u0119 do Darmstadt. Na zaproszenie Prezydenta, Pana Mullera, zesp\u00f3\u0142 koncertowa\u0142 m.in. podczas Pikniku Jazzowego w Freizeitzentrum Oberwaldhaus, wsp\u00f3lnie z takimi zespo\u0142ami jak &#8222;Frankfurt Swing All Stars&#8221;, &#8222;Papa Blues Viking Jazzband&#8221; czy &#8222;Billy&#8217;s Hot Jazz\u201d. Od tego czasu datuje si\u0119 d\u0142ugoletnia przyja\u017a\u0144 z tamtejszym muzykiem, wokalist\u0105, Helmutem Stutz, kt\u00f3ry odwiedza\u0142 wraz z zespo\u0142em &#8222;En Haufe Leif Jatz Mussigg\u201d P\u0142ock kilkakrotnie.<\/p>\n<p>Na zaproszenie Big Bandu miasta Sant Peter-Ording, we wrze\u015bniu 1989 roku, odby\u0142em tras\u0119 koncertow\u0105 po miastach prowincji Slezwig-Holstain, wsp\u00f3lnie z Big Bandem Akademii Muzycznej w \u0141odzi.<\/p>\n<p>W listopadzie 1991 roku mia\u0142a miejsce trasa koncertowa Big Warsaw Band, ze mn\u0105 na saksofonie tenorowym. Zesp\u00f3\u0142 koncertowa\u0142 w kilku miejscowo\u015bciach \u015arodkowych Niemiec.<\/p>\n<p>W lipcu 1992 roku odwiedzi\u0142em Darmstadt wsp\u00f3lnie z Vox Clamantis. Koncertowali\u015bmy w wielu miejscach miasta: Auli Justus-Liebig-Haus, Sali Kongresowej Ratusza, Muzeum Zamkowym, Ko\u015bciele \u015aw. El\u017cbiety, Pawilonie Muzycznym Herrngarten, Luizenplatz, Platz Merca, Ko\u015bciele \u015aw. Ducha. W programie koncertu znalaz\u0142y si\u0119 moje kompozycje i aran\u017cacje utwor\u00f3w wokalnych.<\/p>\n<p>Rok 1995 to rok wsp\u00f3\u0142pracy zespo\u0142u Loft z darmstadzkimi i ameryka\u0144skimi muzykami z Fort Wayne, kt\u00f3rzy dali wsp\u00f3lny koncert w p\u0142ockim MOSiRze podczas Pikniku Mi\u0119dzynarodowego. Trwa\u0142e zwi\u0105zki z muzykami owocuj\u0105 dotychczasow\u0105 szerok\u0105 dzia\u0142alno\u015bci\u0105 kulturaln\u0105 na r\u00f3\u017cnych p\u0142aszczyznach muzycznych.<\/p>\n<p>W latach 1996 i 1997, wsp\u00f3lnie z Big Warsaw Band Stanis\u0142awa Fia\u0142kowskiego, bra\u0142em udzia\u0142 w przedstawieniach Wielkiego Cyrku \u015awi\u0105tecznego w Sztutgarcie, skupiaj\u0105cego najwi\u0119kszych artyst\u00f3w cyrkowych \u015bwiata.<\/p>\n<p>W czerwcu 1998 zesp\u00f3\u0142 Loft da\u0142 cykl koncert\u00f3w jazzowych na rynku Darmstadt.<\/p>\n<p>Na zaproszenie dr Wolframa Knauera, Dyrektora Instytutu Jazzu, w pa\u017adzierniku 2000 roku zesp\u00f3\u0142 Loft koncertowa\u0142 w darmstadzkim Kulturzentrum Bessunger Knabenschule w ramach Forderverein Jazz in Darmstadt. Zesp\u00f3\u0142 wyst\u0105pi\u0142 wsp\u00f3lnie z muzykami darmstadzkiego stowarzyszenia jazzowego &#8222;Jazz Feraine&#8221;.<\/p>\n<p>Latem 2001 roku niemiecki muzyk-klarnecista Rudolf Wodniok przyjecha\u0142 do P\u0142ocka. W moim studiu nagra\u0142 swoje ulubione utwory.<\/p>\n<p>Od 10 maja do 1 czerwca 2002 roku w P\u0142ockiej Galerii Sztuki mia\u0142a miejsce wystawa Leszka Szurkowskiego, artysty polskiego pochodzenia od lat mieszkaj\u0105cego w Niemczech. Uroczyste otwarcie u\u015bwietni\u0142em koncert muzyki New Age Jazz.<\/p>\n<p>W czerwcu 2002 roku, wraz z P\u0142ockim Zespo\u0142em Saksofonowym dali\u015bmy koncert u\u015bwietniaj\u0105cy jubileusz tysi\u0105clecia Akademii Muzyki w Darmstadt.<\/p>\n<p>W dniach 28.03 2003-2.03.2003 uczestniczy\u0142em w programie &#8222;Poesiebrucke-most poezji&#8221; z udzia\u0142em doktora Fritza Depperta &#8211; poety i muzyk\u00f3w jazzowych: Anne Hes i Thomasa Heldmana. Wsp\u00f3lnie z muzykami z Niemiec i zespo\u0142em Loft zagrali\u015bmy koncert w Pubie &#8222;Kino&#8221;. Koncert zako\u0144czy\u0142 si\u0119 wsp\u00f3lnym jam session.<\/p>\n","protected":false},"excerpt":{"rendered":"<p>Moja wsp\u00f3\u0142praca kulturalna z Niemcami rozpocz\u0119\u0142a si\u0119 jeszcze podczas studi\u00f3w na Uniwersytecie \u0141\u00f3dzkim, kiedy to jako uczestnik Ch\u00f3ru Akademickiego Uniwersytetu<\/p>\n","protected":false},"author":1,"featured_media":0,"parent":0,"menu_order":0,"comment_status":"closed","ping_status":"closed","template":"","meta":{"footnotes":""},"class_list":["post-4525","page","type-page","status-publish","hentry","comments-off"],"_links":{"self":[{"href":"https:\/\/kralka.pl\/wp1\/wp-json\/wp\/v2\/pages\/4525","targetHints":{"allow":["GET"]}}],"collection":[{"href":"https:\/\/kralka.pl\/wp1\/wp-json\/wp\/v2\/pages"}],"about":[{"href":"https:\/\/kralka.pl\/wp1\/wp-json\/wp\/v2\/types\/page"}],"author":[{"embeddable":true,"href":"https:\/\/kralka.pl\/wp1\/wp-json\/wp\/v2\/users\/1"}],"replies":[{"embeddable":true,"href":"https:\/\/kralka.pl\/wp1\/wp-json\/wp\/v2\/comments?post=4525"}],"version-history":[{"count":2,"href":"https:\/\/kralka.pl\/wp1\/wp-json\/wp\/v2\/pages\/4525\/revisions"}],"predecessor-version":[{"id":4528,"href":"https:\/\/kralka.pl\/wp1\/wp-json\/wp\/v2\/pages\/4525\/revisions\/4528"}],"wp:attachment":[{"href":"https:\/\/kralka.pl\/wp1\/wp-json\/wp\/v2\/media?parent=4525"}],"curies":[{"name":"wp","href":"https:\/\/api.w.org\/{rel}","templated":true}]}}